{"id":1522,"date":"2024-12-01T00:21:28","date_gmt":"2024-12-01T03:21:28","guid":{"rendered":"https:\/\/clicfle.com\/?page_id=1522"},"modified":"2025-07-14T16:14:54","modified_gmt":"2025-07-14T19:14:54","slug":"generateurs","status":"publish","type":"page","link":"https:\/\/clicfle.com\/index.php\/generateurs\/","title":{"rendered":"G\u00e9n\u00e9rateurs"},"content":{"rendered":"\n<p><a href=\"https:\/\/clicfle.com\/generateurs\/sudoku\/\" target=\"_blank\" rel=\"noreferrer noopener\">1 -SUDOKU<\/a><\/p>\n\n\n\n<figure class=\"wp-block-image size-full is-resized\"><a href=\"https:\/\/clicfle.com\/generateurs\/sudoku\/\"><img fetchpriority=\"high\" decoding=\"async\" width=\"528\" height=\"496\" src=\"https:\/\/clicfle.com\/wp-content\/uploads\/2025\/01\/image-2.png\" alt=\"\" class=\"wp-image-1534\" style=\"width:211px;height:auto\" srcset=\"https:\/\/clicfle.com\/wp-content\/uploads\/2025\/01\/image-2.png 528w, https:\/\/clicfle.com\/wp-content\/uploads\/2025\/01\/image-2-300x282.png 300w\" sizes=\"(max-width: 528px) 100vw, 528px\" \/><\/a><\/figure>\n\n\n\n<p><a href=\"https:\/\/clicfle.com\/generateurs\/imagesetmots\/\" target=\"_blank\" rel=\"noreferrer noopener\">2 &#8211; IMAGES ET MOTS <\/a><\/p>\n\n\n\n<figure class=\"wp-block-image size-full is-resized\"><a href=\"https:\/\/clicfle.com\/generateurs\/imagesetmots\/\"><img decoding=\"async\" width=\"714\" height=\"592\" src=\"https:\/\/clicfle.com\/wp-content\/uploads\/2025\/01\/image-1.png\" alt=\"\" class=\"wp-image-1533\" style=\"width:216px;height:auto\" srcset=\"https:\/\/clicfle.com\/wp-content\/uploads\/2025\/01\/image-1.png 714w, https:\/\/clicfle.com\/wp-content\/uploads\/2025\/01\/image-1-300x249.png 300w\" sizes=\"(max-width: 714px) 100vw, 714px\" \/><\/a><\/figure>\n\n\n\n<p> <a href=\"https:\/\/clicfle.com\/generateurs\/bingo\/\" target=\"_blank\" rel=\"noreferrer noopener\">3 &#8211; BINGO <\/a><\/p>\n\n\n\n<figure class=\"wp-block-image size-full is-resized\"><a href=\"https:\/\/clicfle.com\/generateurs\/bingo\/\"><img decoding=\"async\" width=\"916\" height=\"400\" src=\"https:\/\/clicfle.com\/wp-content\/uploads\/2025\/01\/image.png\" alt=\"\" class=\"wp-image-1531\" style=\"width:351px;height:auto\" srcset=\"https:\/\/clicfle.com\/wp-content\/uploads\/2025\/01\/image.png 916w, https:\/\/clicfle.com\/wp-content\/uploads\/2025\/01\/image-300x131.png 300w, https:\/\/clicfle.com\/wp-content\/uploads\/2025\/01\/image-768x335.png 768w\" sizes=\"(max-width: 916px) 100vw, 916px\" \/><\/a><\/figure>\n\n\n\n<p><a href=\"https:\/\/clicfle.com\/generateurs\/puzzle\/\" target=\"_blank\" rel=\"noreferrer noopener\">4 &#8211; PUZZLE<\/a><\/p>\n\n\n\n<figure class=\"wp-block-image size-full is-resized\"><a href=\"https:\/\/clicfle.com\/generateurs\/puzzle\/\"><img loading=\"lazy\" decoding=\"async\" width=\"633\" height=\"800\" src=\"https:\/\/clicfle.com\/wp-content\/uploads\/2025\/01\/image-3.png\" alt=\"\" class=\"wp-image-1536\" style=\"width:203px;height:auto\" srcset=\"https:\/\/clicfle.com\/wp-content\/uploads\/2025\/01\/image-3.png 633w, https:\/\/clicfle.com\/wp-content\/uploads\/2025\/01\/image-3-237x300.png 237w\" sizes=\"(max-width: 633px) 100vw, 633px\" \/><\/a><\/figure>\n\n\n\n<p><a href=\"https:\/\/clicfle.com\/generateurs\/identite\" target=\"_blank\" rel=\"noreferrer noopener\">5 &#8211; IDENTIT\u00c9 &#8211; \u00c9COLE<\/a><\/p>\n\n\n\n<figure class=\"wp-block-image size-full is-resized\"><a href=\"https:\/\/clicfle.com\/generateurs\/identite\"><img loading=\"lazy\" decoding=\"async\" width=\"544\" height=\"400\" src=\"https:\/\/clicfle.com\/wp-content\/uploads\/2025\/01\/image-5.png\" alt=\"\" class=\"wp-image-1541\" style=\"width:278px;height:auto\" srcset=\"https:\/\/clicfle.com\/wp-content\/uploads\/2025\/01\/image-5.png 544w, https:\/\/clicfle.com\/wp-content\/uploads\/2025\/01\/image-5-300x221.png 300w\" sizes=\"(max-width: 544px) 100vw, 544px\" \/><\/a><\/figure>\n\n\n\n<p><a href=\"https:\/\/clicfle.com\/generateurs\/domino\/\" target=\"_blank\" rel=\"noreferrer noopener\">6 &#8211; G\u00c9N\u00c9RATEUR &#8211; DOMINO<\/a><\/p>\n\n\n\n<figure class=\"wp-block-image size-full is-resized\"><a href=\"https:\/\/clicfle.com\/generateurs\/domino\/\" target=\"_blank\" rel=\" noreferrer noopener\"><img loading=\"lazy\" decoding=\"async\" width=\"1376\" height=\"1131\" src=\"https:\/\/clicfle.com\/wp-content\/uploads\/2025\/01\/rect1-1.png\" alt=\"\" class=\"wp-image-1551\" style=\"width:376px;height:auto\" srcset=\"https:\/\/clicfle.com\/wp-content\/uploads\/2025\/01\/rect1-1.png 1376w, https:\/\/clicfle.com\/wp-content\/uploads\/2025\/01\/rect1-1-300x247.png 300w, https:\/\/clicfle.com\/wp-content\/uploads\/2025\/01\/rect1-1-1024x842.png 1024w, https:\/\/clicfle.com\/wp-content\/uploads\/2025\/01\/rect1-1-768x631.png 768w\" sizes=\"(max-width: 1376px) 100vw, 1376px\" \/><\/a><\/figure>\n\n\n\n<p><\/p>\n\n\n\n<p><a href=\"https:\/\/clicfle.com\/generateurs\/motscroises\" target=\"_blank\" rel=\"noreferrer noopener\">7 &#8211; G\u00c9N\u00c9RATEUR &#8211; MOTS CROIS\u00c9S<\/a><\/p>\n\n\n\n<figure class=\"wp-block-image size-full is-resized\"><a href=\"https:\/\/clicfle.com\/generateurs\/motscroises\/\"><img loading=\"lazy\" decoding=\"async\" width=\"907\" height=\"748\" src=\"https:\/\/clicfle.com\/wp-content\/uploads\/2025\/01\/Captura-de-tela-2025-01-30-150842.jpg\" alt=\"\" class=\"wp-image-1562\" style=\"width:376px;height:auto\" srcset=\"https:\/\/clicfle.com\/wp-content\/uploads\/2025\/01\/Captura-de-tela-2025-01-30-150842.jpg 907w, https:\/\/clicfle.com\/wp-content\/uploads\/2025\/01\/Captura-de-tela-2025-01-30-150842-300x247.jpg 300w, https:\/\/clicfle.com\/wp-content\/uploads\/2025\/01\/Captura-de-tela-2025-01-30-150842-768x633.jpg 768w\" sizes=\"(max-width: 907px) 100vw, 907px\" \/><\/a><\/figure>\n\n\n\n<p><\/p>\n\n\n\n<p><a href=\"https:\/\/clicfle.com\/generateurs\/motsmeles\/\" target=\"_blank\" rel=\"noreferrer noopener\">8 &#8211; G\u00c9N\u00c9RATEUR &#8211; MOTS-M\u00caL\u00c9S<\/a><\/p>\n\n\n\n<figure class=\"wp-block-image size-full is-resized\"><a href=\"https:\/\/clicfle.com\/generateurs\/motsmeles\/\"><img loading=\"lazy\" decoding=\"async\" width=\"646\" height=\"352\" src=\"https:\/\/clicfle.com\/wp-content\/uploads\/2025\/01\/image-6.png\" alt=\"\" class=\"wp-image-1567\" style=\"width:370px;height:auto\" srcset=\"https:\/\/clicfle.com\/wp-content\/uploads\/2025\/01\/image-6.png 646w, https:\/\/clicfle.com\/wp-content\/uploads\/2025\/01\/image-6-300x163.png 300w\" sizes=\"(max-width: 646px) 100vw, 646px\" \/><\/a><\/figure>\n\n\n\n<p><a href=\"https:\/\/clicfle.com\/generateurs\/motsmeles\/\" target=\"_blank\" rel=\"noreferrer noopener\">9 &#8211; COLORIAGE MAGIQUE<\/a><\/p>\n\n\n\n<figure class=\"wp-block-image size-full is-resized\"><a href=\"https:\/\/clicfle.com\/generateurs\/coloriagemagique\/\"><img loading=\"lazy\" decoding=\"async\" width=\"563\" height=\"550\" src=\"https:\/\/clicfle.com\/wp-content\/uploads\/2025\/07\/screen.jpg\" alt=\"\" class=\"wp-image-1595\" style=\"width:370px;height:auto\" srcset=\"https:\/\/clicfle.com\/wp-content\/uploads\/2025\/07\/screen.jpg 563w, https:\/\/clicfle.com\/wp-content\/uploads\/2025\/07\/screen-300x293.jpg 300w\" sizes=\"(max-width: 563px) 100vw, 563px\" \/><\/a><\/figure>\n\n\n\n<p>__________<\/p>\n","protected":false},"excerpt":{"rendered":"<p>1 -SUDOKU 2 &#8211; IMAGES ET MOTS 3 &#8211; BINGO 4 &#8211; PUZZLE 5 &#8211; IDENTIT\u00c9 &#8211; \u00c9COLE 6 &#8211; G\u00c9N\u00c9RATEUR &#8211; DOMINO 7 &#8211; [&#8230;]<\/p>\n","protected":false},"author":1,"featured_media":0,"parent":0,"menu_order":0,"comment_status":"closed","ping_status":"closed","template":"templates\/template-sidebar-right.php","meta":{"footnotes":""},"class_list":["post-1522","page","type-page","status-publish","hentry"],"yoast_head":"<!-- This site is optimized with the Yoast SEO plugin v27.3 - https:\/\/yoast.com\/product\/yoast-seo-wordpress\/ -->\n<title>G\u00e9n\u00e9rateurs - CLIC FLE INTERACTIF - Apprendre fran\u00e7ais en s&#039;amusant<\/title>\n<meta name=\"description\" content=\"Des g\u00e9n\u00e9rateurs d&#039;exercices (bingo, puzzle, mots-crois\u00e9s, mots-m\u00eal\u00e9s, domino)\" \/>\n<meta name=\"robots\" content=\"index, follow, max-snippet:-1, max-image-preview:large, max-video-preview:-1\" \/>\n<link rel=\"canonical\" href=\"https:\/\/clicfle.com\/index.php\/generateurs\/\" \/>\n<meta property=\"og:locale\" content=\"fr_FR\" \/>\n<meta property=\"og:type\" content=\"article\" \/>\n<meta property=\"og:title\" content=\"G\u00e9n\u00e9rateurs - CLIC FLE INTERACTIF - Apprendre fran\u00e7ais en s&#039;amusant\" \/>\n<meta property=\"og:description\" content=\"Des g\u00e9n\u00e9rateurs d&#039;exercices (bingo, puzzle, mots-crois\u00e9s, mots-m\u00eal\u00e9s, domino)\" \/>\n<meta property=\"og:url\" content=\"https:\/\/clicfle.com\/index.php\/generateurs\/\" \/>\n<meta property=\"og:site_name\" content=\"CLIC FLE INTERACTIF - Apprendre fran\u00e7ais en s&#039;amusant\" \/>\n<meta property=\"article:publisher\" content=\"http:\/\/www.facebook.com\/clicfleinteractif\" \/>\n<meta property=\"article:modified_time\" content=\"2025-07-14T19:14:54+00:00\" \/>\n<meta property=\"og:image\" content=\"https:\/\/clicfle.com\/wp-content\/uploads\/2025\/01\/image-2.png\" \/>\n\t<meta property=\"og:image:width\" content=\"528\" \/>\n\t<meta property=\"og:image:height\" content=\"496\" \/>\n\t<meta property=\"og:image:type\" content=\"image\/png\" \/>\n<meta name=\"twitter:card\" content=\"summary_large_image\" \/>\n<meta name=\"twitter:label1\" content=\"Dur\u00e9e de lecture estim\u00e9e\" \/>\n\t<meta name=\"twitter:data1\" content=\"2 minutes\" \/>\n<script type=\"application\/ld+json\" class=\"yoast-schema-graph\">{\"@context\":\"https:\\\/\\\/schema.org\",\"@graph\":[{\"@type\":\"WebPage\",\"@id\":\"https:\\\/\\\/clicfle.com\\\/index.php\\\/generateurs\\\/\",\"url\":\"https:\\\/\\\/clicfle.com\\\/index.php\\\/generateurs\\\/\",\"name\":\"G\u00e9n\u00e9rateurs - CLIC FLE INTERACTIF - Apprendre fran\u00e7ais en s&#039;amusant\",\"isPartOf\":{\"@id\":\"https:\\\/\\\/clicfle.com\\\/#website\"},\"primaryImageOfPage\":{\"@id\":\"https:\\\/\\\/clicfle.com\\\/index.php\\\/generateurs\\\/#primaryimage\"},\"image\":{\"@id\":\"https:\\\/\\\/clicfle.com\\\/index.php\\\/generateurs\\\/#primaryimage\"},\"thumbnailUrl\":\"https:\\\/\\\/clicfle.com\\\/wp-content\\\/uploads\\\/2025\\\/01\\\/image-2.png\",\"datePublished\":\"2024-12-01T03:21:28+00:00\",\"dateModified\":\"2025-07-14T19:14:54+00:00\",\"description\":\"Des g\u00e9n\u00e9rateurs d'exercices (bingo, puzzle, mots-crois\u00e9s, mots-m\u00eal\u00e9s, domino)\",\"breadcrumb\":{\"@id\":\"https:\\\/\\\/clicfle.com\\\/index.php\\\/generateurs\\\/#breadcrumb\"},\"inLanguage\":\"fr-FR\",\"potentialAction\":[{\"@type\":\"ReadAction\",\"target\":[\"https:\\\/\\\/clicfle.com\\\/index.php\\\/generateurs\\\/\"]}]},{\"@type\":\"ImageObject\",\"inLanguage\":\"fr-FR\",\"@id\":\"https:\\\/\\\/clicfle.com\\\/index.php\\\/generateurs\\\/#primaryimage\",\"url\":\"https:\\\/\\\/clicfle.com\\\/wp-content\\\/uploads\\\/2025\\\/01\\\/image-2.png\",\"contentUrl\":\"https:\\\/\\\/clicfle.com\\\/wp-content\\\/uploads\\\/2025\\\/01\\\/image-2.png\",\"width\":528,\"height\":496},{\"@type\":\"BreadcrumbList\",\"@id\":\"https:\\\/\\\/clicfle.com\\\/index.php\\\/generateurs\\\/#breadcrumb\",\"itemListElement\":[{\"@type\":\"ListItem\",\"position\":1,\"name\":\"Accueil\",\"item\":\"https:\\\/\\\/clicfle.com\\\/\"},{\"@type\":\"ListItem\",\"position\":2,\"name\":\"G\u00e9n\u00e9rateurs\"}]},{\"@type\":\"WebSite\",\"@id\":\"https:\\\/\\\/clicfle.com\\\/#website\",\"url\":\"https:\\\/\\\/clicfle.com\\\/\",\"name\":\"CLIC FLE\",\"description\":\"Apprendre en s&#039;amusant\",\"publisher\":{\"@id\":\"https:\\\/\\\/clicfle.com\\\/#organization\"},\"potentialAction\":[{\"@type\":\"SearchAction\",\"target\":{\"@type\":\"EntryPoint\",\"urlTemplate\":\"https:\\\/\\\/clicfle.com\\\/?s={search_term_string}\"},\"query-input\":{\"@type\":\"PropertyValueSpecification\",\"valueRequired\":true,\"valueName\":\"search_term_string\"}}],\"inLanguage\":\"fr-FR\"},{\"@type\":\"Organization\",\"@id\":\"https:\\\/\\\/clicfle.com\\\/#organization\",\"name\":\"CLIC FLE\",\"url\":\"https:\\\/\\\/clicfle.com\\\/\",\"logo\":{\"@type\":\"ImageObject\",\"inLanguage\":\"fr-FR\",\"@id\":\"https:\\\/\\\/clicfle.com\\\/#\\\/schema\\\/logo\\\/image\\\/\",\"url\":\"https:\\\/\\\/clicfle.com\\\/wp-content\\\/uploads\\\/2019\\\/09\\\/clicflelogo-e1567971943736.jpg\",\"contentUrl\":\"https:\\\/\\\/clicfle.com\\\/wp-content\\\/uploads\\\/2019\\\/09\\\/clicflelogo-e1567971943736.jpg\",\"width\":320,\"height\":205,\"caption\":\"CLIC FLE\"},\"image\":{\"@id\":\"https:\\\/\\\/clicfle.com\\\/#\\\/schema\\\/logo\\\/image\\\/\"},\"sameAs\":[\"http:\\\/\\\/www.facebook.com\\\/clicfleinteractif\"]}]}<\/script>\n<!-- \/ Yoast SEO plugin. -->","yoast_head_json":{"title":"G\u00e9n\u00e9rateurs - CLIC FLE INTERACTIF - Apprendre fran\u00e7ais en s&#039;amusant","description":"Des g\u00e9n\u00e9rateurs d'exercices (bingo, puzzle, mots-crois\u00e9s, mots-m\u00eal\u00e9s, domino)","robots":{"index":"index","follow":"follow","max-snippet":"max-snippet:-1","max-image-preview":"max-image-preview:large","max-video-preview":"max-video-preview:-1"},"canonical":"https:\/\/clicfle.com\/index.php\/generateurs\/","og_locale":"fr_FR","og_type":"article","og_title":"G\u00e9n\u00e9rateurs - CLIC FLE INTERACTIF - Apprendre fran\u00e7ais en s&#039;amusant","og_description":"Des g\u00e9n\u00e9rateurs d'exercices (bingo, puzzle, mots-crois\u00e9s, mots-m\u00eal\u00e9s, domino)","og_url":"https:\/\/clicfle.com\/index.php\/generateurs\/","og_site_name":"CLIC FLE INTERACTIF - Apprendre fran\u00e7ais en s&#039;amusant","article_publisher":"http:\/\/www.facebook.com\/clicfleinteractif","article_modified_time":"2025-07-14T19:14:54+00:00","og_image":[{"width":528,"height":496,"url":"https:\/\/clicfle.com\/wp-content\/uploads\/2025\/01\/image-2.png","type":"image\/png"}],"twitter_card":"summary_large_image","twitter_misc":{"Dur\u00e9e de lecture estim\u00e9e":"2 minutes"},"schema":{"@context":"https:\/\/schema.org","@graph":[{"@type":"WebPage","@id":"https:\/\/clicfle.com\/index.php\/generateurs\/","url":"https:\/\/clicfle.com\/index.php\/generateurs\/","name":"G\u00e9n\u00e9rateurs - CLIC FLE INTERACTIF - Apprendre fran\u00e7ais en s&#039;amusant","isPartOf":{"@id":"https:\/\/clicfle.com\/#website"},"primaryImageOfPage":{"@id":"https:\/\/clicfle.com\/index.php\/generateurs\/#primaryimage"},"image":{"@id":"https:\/\/clicfle.com\/index.php\/generateurs\/#primaryimage"},"thumbnailUrl":"https:\/\/clicfle.com\/wp-content\/uploads\/2025\/01\/image-2.png","datePublished":"2024-12-01T03:21:28+00:00","dateModified":"2025-07-14T19:14:54+00:00","description":"Des g\u00e9n\u00e9rateurs d'exercices (bingo, puzzle, mots-crois\u00e9s, mots-m\u00eal\u00e9s, domino)","breadcrumb":{"@id":"https:\/\/clicfle.com\/index.php\/generateurs\/#breadcrumb"},"inLanguage":"fr-FR","potentialAction":[{"@type":"ReadAction","target":["https:\/\/clicfle.com\/index.php\/generateurs\/"]}]},{"@type":"ImageObject","inLanguage":"fr-FR","@id":"https:\/\/clicfle.com\/index.php\/generateurs\/#primaryimage","url":"https:\/\/clicfle.com\/wp-content\/uploads\/2025\/01\/image-2.png","contentUrl":"https:\/\/clicfle.com\/wp-content\/uploads\/2025\/01\/image-2.png","width":528,"height":496},{"@type":"BreadcrumbList","@id":"https:\/\/clicfle.com\/index.php\/generateurs\/#breadcrumb","itemListElement":[{"@type":"ListItem","position":1,"name":"Accueil","item":"https:\/\/clicfle.com\/"},{"@type":"ListItem","position":2,"name":"G\u00e9n\u00e9rateurs"}]},{"@type":"WebSite","@id":"https:\/\/clicfle.com\/#website","url":"https:\/\/clicfle.com\/","name":"CLIC FLE","description":"Apprendre en s&#039;amusant","publisher":{"@id":"https:\/\/clicfle.com\/#organization"},"potentialAction":[{"@type":"SearchAction","target":{"@type":"EntryPoint","urlTemplate":"https:\/\/clicfle.com\/?s={search_term_string}"},"query-input":{"@type":"PropertyValueSpecification","valueRequired":true,"valueName":"search_term_string"}}],"inLanguage":"fr-FR"},{"@type":"Organization","@id":"https:\/\/clicfle.com\/#organization","name":"CLIC FLE","url":"https:\/\/clicfle.com\/","logo":{"@type":"ImageObject","inLanguage":"fr-FR","@id":"https:\/\/clicfle.com\/#\/schema\/logo\/image\/","url":"https:\/\/clicfle.com\/wp-content\/uploads\/2019\/09\/clicflelogo-e1567971943736.jpg","contentUrl":"https:\/\/clicfle.com\/wp-content\/uploads\/2019\/09\/clicflelogo-e1567971943736.jpg","width":320,"height":205,"caption":"CLIC FLE"},"image":{"@id":"https:\/\/clicfle.com\/#\/schema\/logo\/image\/"},"sameAs":["http:\/\/www.facebook.com\/clicfleinteractif"]}]}},"_links":{"self":[{"href":"https:\/\/clicfle.com\/index.php\/wp-json\/wp\/v2\/pages\/1522","targetHints":{"allow":["GET"]}}],"collection":[{"href":"https:\/\/clicfle.com\/index.php\/wp-json\/wp\/v2\/pages"}],"about":[{"href":"https:\/\/clicfle.com\/index.php\/wp-json\/wp\/v2\/types\/page"}],"author":[{"embeddable":true,"href":"https:\/\/clicfle.com\/index.php\/wp-json\/wp\/v2\/users\/1"}],"replies":[{"embeddable":true,"href":"https:\/\/clicfle.com\/index.php\/wp-json\/wp\/v2\/comments?post=1522"}],"version-history":[{"count":15,"href":"https:\/\/clicfle.com\/index.php\/wp-json\/wp\/v2\/pages\/1522\/revisions"}],"predecessor-version":[{"id":1596,"href":"https:\/\/clicfle.com\/index.php\/wp-json\/wp\/v2\/pages\/1522\/revisions\/1596"}],"wp:attachment":[{"href":"https:\/\/clicfle.com\/index.php\/wp-json\/wp\/v2\/media?parent=1522"}],"curies":[{"name":"wp","href":"https:\/\/api.w.org\/{rel}","templated":true}]}}